{"id":277,"date":"2025-12-02T15:27:35","date_gmt":"2025-12-02T15:27:35","guid":{"rendered":"https:\/\/cha-yoga.fr\/?page_id=277"},"modified":"2025-12-02T22:22:38","modified_gmt":"2025-12-02T22:22:38","slug":"les-cours-individuels-yoga","status":"publish","type":"page","link":"https:\/\/cha-yoga.fr\/index.php\/les-cours-individuels-yoga\/","title":{"rendered":"Les cours individuels"},"content":{"rendered":"\t\t<div data-elementor-type=\"wp-page\" data-elementor-id=\"277\" class=\"elementor elementor-277\">\n\t\t\t\t<div class=\"elementor-element elementor-element-73bf474 e-con-full e-flex e-con e-parent\" data-id=\"73bf474\" data-element_type=\"container\" data-e-type=\"container\">\n\t\t<div class=\"elementor-element elementor-element-44a17ab9 e-con-full e-flex e-con e-child\" data-id=\"44a17ab9\" data-element_type=\"container\" data-e-type=\"container\">\n\t\t<div class=\"elementor-element elementor-element-4e26ca66 e-con-full e-flex e-con e-child\" data-id=\"4e26ca66\" data-element_type=\"container\" data-e-type=\"container\">\n\t\t\t\t<div class=\"elementor-element elementor-element-4ae338a8 elementor-widget elementor-widget-heading\" data-id=\"4ae338a8\" data-element_type=\"widget\" data-e-type=\"widget\" data-widget_type=\"heading.default\">\n\t\t\t\t\t<h1 class=\"elementor-heading-title elementor-size-default\">Pratiquez \u00e0 domicile  seul(e) ou en duo <\/h1>\t\t\t\t<\/div>\n\t\t\t\t<div class=\"elementor-element elementor-element-acf6e3b elementor-widget__width-initial elementor-widget elementor-widget-text-editor\" data-id=\"acf6e3b\" data-element_type=\"widget\" data-e-type=\"widget\" data-widget_type=\"text-editor.default\">\n\t\t\t\t\t\t\t\t\t<p>Le format individuel, \u00e0 domicile, <strong>s\u2019adapte parfaitement \u00e0 votre rythme de vie<\/strong>. Des sessions sur mesure, en fonction de <strong>vos besoins et de vos objectifs<\/strong>, pour vous accompagner efficacement dans votre pratique.<\/p><p><strong>En duo<\/strong>, c\u2019est l\u2019occasion id\u00e9ale de <strong>vivre une exp\u00e9rience ensemble<\/strong>, tout en b\u00e9n\u00e9ficiant d\u2019une attention personnalis\u00e9e.<\/p><p>La solution id\u00e9ale pour les loups solitaires ou les perfectionnistes !<\/p>\t\t\t\t\t\t\t\t<\/div>\n\t\t\t\t<div class=\"elementor-element elementor-element-1dad8e7 elementor-widget-divider--view-line elementor-widget elementor-widget-divider\" data-id=\"1dad8e7\" data-element_type=\"widget\" data-e-type=\"widget\" data-widget_type=\"divider.default\">\n\t\t\t\t\t\t\t<div class=\"elementor-divider\">\n\t\t\t<span class=\"elementor-divider-separator\">\n\t\t\t\t\t\t<\/span>\n\t\t<\/div>\n\t\t\t\t\t\t<\/div>\n\t\t\t\t<div class=\"elementor-element elementor-element-4d64dabf elementor-icon-list--layout-inline elementor-list-item-link-full_width elementor-invisible elementor-widget elementor-widget-icon-list\" data-id=\"4d64dabf\" data-element_type=\"widget\" data-e-type=\"widget\" data-settings=\"{&quot;_animation&quot;:&quot;fadeInUp&quot;}\" data-widget_type=\"icon-list.default\">\n\t\t\t\t\t\t\t<ul class=\"elementor-icon-list-items elementor-inline-items\">\n\t\t\t\t\t\t\t<li class=\"elementor-icon-list-item elementor-inline-item\">\n\t\t\t\t\t\t\t\t\t\t<span class=\"elementor-icon-list-text\">1h15<\/span>\n\t\t\t\t\t\t\t\t\t<\/li>\n\t\t\t\t\t\t\t\t<li class=\"elementor-icon-list-item elementor-inline-item\">\n\t\t\t\t\t\t\t\t\t\t<span class=\"elementor-icon-list-text\">Individuel ou en duo <\/span>\n\t\t\t\t\t\t\t\t\t<\/li>\n\t\t\t\t\t\t\t\t<li class=\"elementor-icon-list-item elementor-inline-item\">\n\t\t\t\t\t\t\t\t\t\t<span class=\"elementor-icon-list-text\">Nantes et p\u00e9riph\u00e9rie <\/span>\n\t\t\t\t\t\t\t\t\t<\/li>\n\t\t\t\t\t\t<\/ul>\n\t\t\t\t\t\t<\/div>\n\t\t\t\t<div class=\"elementor-element elementor-element-70ace142 elementor-widget-divider--view-line elementor-widget elementor-widget-divider\" data-id=\"70ace142\" data-element_type=\"widget\" data-e-type=\"widget\" data-widget_type=\"divider.default\">\n\t\t\t\t\t\t\t<div class=\"elementor-divider\">\n\t\t\t<span class=\"elementor-divider-separator\">\n\t\t\t\t\t\t<\/span>\n\t\t<\/div>\n\t\t\t\t\t\t<\/div>\n\t\t\t\t<div class=\"elementor-element elementor-element-8b5e6cb elementor-icon-list--layout-inline elementor-list-item-link-full_width elementor-invisible elementor-widget elementor-widget-icon-list\" data-id=\"8b5e6cb\" data-element_type=\"widget\" data-e-type=\"widget\" data-settings=\"{&quot;_animation&quot;:&quot;fadeInUp&quot;}\" data-widget_type=\"icon-list.default\">\n\t\t\t\t\t\t\t<ul class=\"elementor-icon-list-items elementor-inline-items\">\n\t\t\t\t\t\t\t<li class=\"elementor-icon-list-item elementor-inline-item\">\n\t\t\t\t\t\t\t\t\t\t<span class=\"elementor-icon-list-text\">65\u20ac la s\u00e9ance<\/span>\n\t\t\t\t\t\t\t\t\t<\/li>\n\t\t\t\t\t\t<\/ul>\n\t\t\t\t\t\t<\/div>\n\t\t\t\t<div class=\"elementor-element elementor-element-6cecc728 elementor-icon-list--layout-inline elementor-list-item-link-full_width elementor-invisible elementor-widget elementor-widget-icon-list\" data-id=\"6cecc728\" data-element_type=\"widget\" data-e-type=\"widget\" data-settings=\"{&quot;_animation&quot;:&quot;fadeInUp&quot;}\" data-widget_type=\"icon-list.default\">\n\t\t\t\t\t\t\t<ul class=\"elementor-icon-list-items elementor-inline-items\">\n\t\t\t\t\t\t\t<li class=\"elementor-icon-list-item elementor-inline-item\">\n\t\t\t\t\t\t\t\t\t\t<span class=\"elementor-icon-list-text\">Forfait 4 s\u00e9ances<\/span>\n\t\t\t\t\t\t\t\t\t<\/li>\n\t\t\t\t\t\t\t\t<li class=\"elementor-icon-list-item elementor-inline-item\">\n\t\t\t\t\t\t\t\t\t\t<span class=\"elementor-icon-list-text\">220\u20ac<\/span>\n\t\t\t\t\t\t\t\t\t<\/li>\n\t\t\t\t\t\t<\/ul>\n\t\t\t\t\t\t<\/div>\n\t\t\t\t<div class=\"elementor-element elementor-element-95a6b95 elementor-icon-list--layout-inline elementor-list-item-link-full_width elementor-invisible elementor-widget elementor-widget-icon-list\" data-id=\"95a6b95\" data-element_type=\"widget\" data-e-type=\"widget\" data-settings=\"{&quot;_animation&quot;:&quot;fadeInUp&quot;}\" data-widget_type=\"icon-list.default\">\n\t\t\t\t\t\t\t<ul class=\"elementor-icon-list-items elementor-inline-items\">\n\t\t\t\t\t\t\t<li class=\"elementor-icon-list-item elementor-inline-item\">\n\t\t\t\t\t\t\t\t\t\t<span class=\"elementor-icon-list-text\">Forfait 8 s\u00e9ances<\/span>\n\t\t\t\t\t\t\t\t\t<\/li>\n\t\t\t\t\t\t\t\t<li class=\"elementor-icon-list-item elementor-inline-item\">\n\t\t\t\t\t\t\t\t\t\t<span class=\"elementor-icon-list-text\">400\u20ac<\/span>\n\t\t\t\t\t\t\t\t\t<\/li>\n\t\t\t\t\t\t<\/ul>\n\t\t\t\t\t\t<\/div>\n\t\t\t\t<div class=\"elementor-element elementor-element-0d6ba5b elementor-icon-list--layout-inline elementor-list-item-link-full_width elementor-invisible elementor-widget elementor-widget-icon-list\" data-id=\"0d6ba5b\" data-element_type=\"widget\" data-e-type=\"widget\" data-settings=\"{&quot;_animation&quot;:&quot;fadeInUp&quot;}\" data-widget_type=\"icon-list.default\">\n\t\t\t\t\t\t\t<ul class=\"elementor-icon-list-items elementor-inline-items\">\n\t\t\t\t\t\t\t<li class=\"elementor-icon-list-item elementor-inline-item\">\n\t\t\t\t\t\t\t\t\t\t<span class=\"elementor-icon-list-text\">Forfait 12 s\u00e9ances<\/span>\n\t\t\t\t\t\t\t\t\t<\/li>\n\t\t\t\t\t\t\t\t<li class=\"elementor-icon-list-item elementor-inline-item\">\n\t\t\t\t\t\t\t\t\t\t<span class=\"elementor-icon-list-text\">540\u20ac<\/span>\n\t\t\t\t\t\t\t\t\t<\/li>\n\t\t\t\t\t\t<\/ul>\n\t\t\t\t\t\t<\/div>\n\t\t\t\t<\/div>\n\t\t\t\t<\/div>\n\t\t<div class=\"elementor-element elementor-element-14ed91fd e-con-full e-flex e-con e-child\" data-id=\"14ed91fd\" data-element_type=\"container\" data-e-type=\"container\" data-settings=\"{&quot;background_background&quot;:&quot;classic&quot;}\">\n\t\t\t\t<\/div>\n\t\t\t\t<\/div>\n\t\t<div class=\"elementor-element elementor-element-1f440a2 e-flex e-con-boxed e-con e-parent\" data-id=\"1f440a2\" data-element_type=\"container\" data-e-type=\"container\">\n\t\t\t\t\t<div class=\"e-con-inner\">\n\t\t\t\t<div class=\"elementor-element elementor-element-5ae2075 elementor-widget-divider--view-line elementor-widget elementor-widget-divider\" data-id=\"5ae2075\" data-element_type=\"widget\" data-e-type=\"widget\" data-widget_type=\"divider.default\">\n\t\t\t\t\t\t\t<div class=\"elementor-divider\">\n\t\t\t<span class=\"elementor-divider-separator\">\n\t\t\t\t\t\t<\/span>\n\t\t<\/div>\n\t\t\t\t\t\t<\/div>\n\t\t\t\t\t<\/div>\n\t\t\t\t<\/div>\n\t\t<div class=\"elementor-element elementor-element-44cab71d e-flex e-con-boxed e-con e-parent\" data-id=\"44cab71d\" data-element_type=\"container\" data-e-type=\"container\">\n\t\t\t\t\t<div class=\"e-con-inner\">\n\t\t<div class=\"elementor-element elementor-element-22ef90ab e-con-full e-flex e-con e-child\" data-id=\"22ef90ab\" data-element_type=\"container\" data-e-type=\"container\">\n\t\t\t\t<div class=\"elementor-element elementor-element-4d8ded59 elementor-widget elementor-widget-heading\" data-id=\"4d8ded59\" data-element_type=\"widget\" data-e-type=\"widget\" data-widget_type=\"heading.default\">\n\t\t\t\t\t<h2 class=\"elementor-heading-title elementor-size-default\">Ce que vous d\u00e9couvrirez<\/h2>\t\t\t\t<\/div>\n\t\t\t\t<div class=\"elementor-element elementor-element-ac13973 elementor-widget elementor-widget-text-editor\" data-id=\"ac13973\" data-element_type=\"widget\" data-e-type=\"widget\" data-widget_type=\"text-editor.default\">\n\t\t\t\t\t\t\t\t\t<p>Au fil des s\u00e9ances, vous d\u00e9couvrirez bien plus qu\u2019une simple pratique posturale. Vous apprendrez \u00e0 vous reconnecter \u00e0 votre respiration, \u00e0 apprivoiser votre corps avec douceur et \u00e0 d\u00e9velopper une conscience plus fine de vos sensations. Vous explorerez les bases du yoga, son rythme, sa philosophie, et la fa\u00e7on dont il peut s\u2019int\u00e9grer naturellement dans votre quotidien. Pas \u00e0 pas, vous trouverez votre propre mani\u00e8re de pratiquer, celle qui vous ressemble, celle qui vous fait du bien.<\/p>\t\t\t\t\t\t\t\t<\/div>\n\t\t\t\t<\/div>\n\t\t<div class=\"elementor-element elementor-element-714ec0c4 e-con-full e-flex e-con e-child\" data-id=\"714ec0c4\" data-element_type=\"container\" data-e-type=\"container\">\n\t\t\t\t<div class=\"elementor-element elementor-element-ee3ef0c elementor-widget elementor-widget-heading\" data-id=\"ee3ef0c\" data-element_type=\"widget\" data-e-type=\"widget\" data-widget_type=\"heading.default\">\n\t\t\t\t\t<h3 class=\"elementor-heading-title elementor-size-default\">Les bienfaits \u00e0 venir<\/h3>\t\t\t\t<\/div>\n\t\t\t\t<div class=\"elementor-element elementor-element-64b6fd3b elementor-icon-list--layout-traditional elementor-list-item-link-full_width elementor-widget elementor-widget-icon-list\" data-id=\"64b6fd3b\" data-element_type=\"widget\" data-e-type=\"widget\" data-widget_type=\"icon-list.default\">\n\t\t\t\t\t\t\t<ul class=\"elementor-icon-list-items\">\n\t\t\t\t\t\t\t<li class=\"elementor-icon-list-item\">\n\t\t\t\t\t\t\t\t\t\t\t<span class=\"elementor-icon-list-icon\">\n\t\t\t\t\t\t\t<svg aria-hidden=\"true\" class=\"e-font-icon-svg e-fas-circle\" viewBox=\"0 0 512 512\" xmlns=\"http:\/\/www.w3.org\/2000\/svg\"><path d=\"M256 8C119 8 8 119 8 256s111 248 248 248 248-111 248-248S393 8 256 8z\"><\/path><\/svg>\t\t\t\t\t\t<\/span>\n\t\t\t\t\t\t\t\t\t\t<span class=\"elementor-icon-list-text\">Une meilleure conscience de vous <\/span>\n\t\t\t\t\t\t\t\t\t<\/li>\n\t\t\t\t\t\t\t\t<li class=\"elementor-icon-list-item\">\n\t\t\t\t\t\t\t\t\t\t\t<span class=\"elementor-icon-list-icon\">\n\t\t\t\t\t\t\t<svg aria-hidden=\"true\" class=\"e-font-icon-svg e-fas-circle\" viewBox=\"0 0 512 512\" xmlns=\"http:\/\/www.w3.org\/2000\/svg\"><path d=\"M256 8C119 8 8 119 8 256s111 248 248 248 248-111 248-248S393 8 256 8z\"><\/path><\/svg>\t\t\t\t\t\t<\/span>\n\t\t\t\t\t\t\t\t\t\t<span class=\"elementor-icon-list-text\">Moins de stress <\/span>\n\t\t\t\t\t\t\t\t\t<\/li>\n\t\t\t\t\t\t\t\t<li class=\"elementor-icon-list-item\">\n\t\t\t\t\t\t\t\t\t\t\t<span class=\"elementor-icon-list-icon\">\n\t\t\t\t\t\t\t<svg aria-hidden=\"true\" class=\"e-font-icon-svg e-fas-circle\" viewBox=\"0 0 512 512\" xmlns=\"http:\/\/www.w3.org\/2000\/svg\"><path d=\"M256 8C119 8 8 119 8 256s111 248 248 248 248-111 248-248S393 8 256 8z\"><\/path><\/svg>\t\t\t\t\t\t<\/span>\n\t\t\t\t\t\t\t\t\t\t<span class=\"elementor-icon-list-text\">Plus de clart\u00e9 mentale<\/span>\n\t\t\t\t\t\t\t\t\t<\/li>\n\t\t\t\t\t\t\t\t<li class=\"elementor-icon-list-item\">\n\t\t\t\t\t\t\t\t\t\t\t<span class=\"elementor-icon-list-icon\">\n\t\t\t\t\t\t\t<svg aria-hidden=\"true\" class=\"e-font-icon-svg e-fas-circle\" viewBox=\"0 0 512 512\" xmlns=\"http:\/\/www.w3.org\/2000\/svg\"><path d=\"M256 8C119 8 8 119 8 256s111 248 248 248 248-111 248-248S393 8 256 8z\"><\/path><\/svg>\t\t\t\t\t\t<\/span>\n\t\t\t\t\t\t\t\t\t\t<span class=\"elementor-icon-list-text\">Un corps renforcer et assouplit<\/span>\n\t\t\t\t\t\t\t\t\t<\/li>\n\t\t\t\t\t\t<\/ul>\n\t\t\t\t\t\t<\/div>\n\t\t\t\t<\/div>\n\t\t<div class=\"elementor-element elementor-element-634a5528 e-con-full e-flex e-con e-child\" data-id=\"634a5528\" data-element_type=\"container\" data-e-type=\"container\">\n\t\t\t\t<div class=\"elementor-element elementor-element-fa8b5b8 elementor-widget elementor-widget-heading\" data-id=\"fa8b5b8\" data-element_type=\"widget\" data-e-type=\"widget\" data-widget_type=\"heading.default\">\n\t\t\t\t\t<h3 class=\"elementor-heading-title elementor-size-default\">Ou pratiquer ?<\/h3>\t\t\t\t<\/div>\n\t\t\t\t<div class=\"elementor-element elementor-element-528ba494 elementor-icon-list--layout-traditional elementor-list-item-link-full_width elementor-widget elementor-widget-icon-list\" data-id=\"528ba494\" data-element_type=\"widget\" data-e-type=\"widget\" data-widget_type=\"icon-list.default\">\n\t\t\t\t\t\t\t<ul class=\"elementor-icon-list-items\">\n\t\t\t\t\t\t\t<li class=\"elementor-icon-list-item\">\n\t\t\t\t\t\t\t\t\t\t\t<a href=\"https:\/\/www.salles-yoga-nantes.com\" target=\"_blank\">\n\n\t\t\t\t\t\t\t\t\t\t\t\t<span class=\"elementor-icon-list-icon\">\n\t\t\t\t\t\t\t<svg aria-hidden=\"true\" class=\"e-font-icon-svg e-fas-circle\" viewBox=\"0 0 512 512\" xmlns=\"http:\/\/www.w3.org\/2000\/svg\"><path d=\"M256 8C119 8 8 119 8 256s111 248 248 248 248-111 248-248S393 8 256 8z\"><\/path><\/svg>\t\t\t\t\t\t<\/span>\n\t\t\t\t\t\t\t\t\t\t<span class=\"elementor-icon-list-text\">A domicile, au travail ...<\/span>\n\t\t\t\t\t\t\t\t\t\t\t<\/a>\n\t\t\t\t\t\t\t\t\t<\/li>\n\t\t\t\t\t\t\t\t<li class=\"elementor-icon-list-item\">\n\t\t\t\t\t\t\t\t\t\t\t<a href=\"https:\/\/labo-corps-accord.fr\/infos-pratiques-confidentialite-2\/\" target=\"_blank\">\n\n\t\t\t\t\t\t\t\t\t\t\t\t<span class=\"elementor-icon-list-icon\">\n\t\t\t\t\t\t\t<svg aria-hidden=\"true\" class=\"e-font-icon-svg e-fas-circle\" viewBox=\"0 0 512 512\" xmlns=\"http:\/\/www.w3.org\/2000\/svg\"><path d=\"M256 8C119 8 8 119 8 256s111 248 248 248 248-111 248-248S393 8 256 8z\"><\/path><\/svg>\t\t\t\t\t\t<\/span>\n\t\t\t\t\t\t\t\t\t\t<span class=\"elementor-icon-list-text\">Nantes, Nantes sud et p\u00e9riph\u00e9rie <\/span>\n\t\t\t\t\t\t\t\t\t\t\t<\/a>\n\t\t\t\t\t\t\t\t\t<\/li>\n\t\t\t\t\t\t<\/ul>\n\t\t\t\t\t\t<\/div>\n\t\t\t\t<\/div>\n\t\t\t\t\t<\/div>\n\t\t\t\t<\/div>\n\t\t\t\t<\/div>\n\t\t","protected":false},"excerpt":{"rendered":"<p>Pratiquez \u00e0 domicile seul(e) ou en duo Le format individuel, \u00e0 domicile, s\u2019adapte parfaitement \u00e0 votre rythme de vie. Des sessions sur mesure, en fonction de vos besoins et de vos objectifs, pour vous accompagner efficacement dans votre pratique. En duo, c\u2019est l\u2019occasion id\u00e9ale de vivre une exp\u00e9rience ensemble, tout en b\u00e9n\u00e9ficiant d\u2019une attention personnalis\u00e9e. [&hellip;]<\/p>\n","protected":false},"author":1,"featured_media":0,"parent":0,"menu_order":0,"comment_status":"closed","ping_status":"closed","template":"elementor_header_footer","meta":{"_monsterinsights_skip_tracking":false,"_monsterinsights_sitenote_active":false,"_monsterinsights_sitenote_note":"","_monsterinsights_sitenote_category":0,"footnotes":""},"class_list":["post-277","page","type-page","status-publish","hentry"],"yoast_head":"<!-- This site is optimized with the Yoast SEO plugin v26.9 - https:\/\/yoast.com\/product\/yoast-seo-wordpress\/ -->\n<title>Les cours individuels - CHA YOGA<\/title>\n<meta name=\"description\" content=\"Cours individuels de yoga \u00e0 domicile \u00e0 Nantes et sa p\u00e9riph\u00e9rie, seul ou en duo. Une pratique personnalis\u00e9e pour retrouver s\u00e9r\u00e9nit\u00e9, \u00e9nergie et bien-\u00eatre, adapt\u00e9e \u00e0 vos besoins et \u00e0 votre rythme.\" \/>\n<meta name=\"robots\" content=\"index, follow, max-snippet:-1, max-image-preview:large, max-video-preview:-1\" \/>\n<link rel=\"canonical\" href=\"https:\/\/cha-yoga.fr\/index.php\/les-cours-individuels-yoga\/\" \/>\n<meta property=\"og:locale\" content=\"fr_FR\" \/>\n<meta property=\"og:type\" content=\"article\" \/>\n<meta property=\"og:title\" content=\"Cours individuels de yoga \u00e0 domicile \u00e0 Nantes et sa p\u00e9riph\u00e9rie, seul ou en duo.\" \/>\n<meta property=\"og:description\" content=\"Cours individuels de yoga \u00e0 domicile \u00e0 Nantes et sa p\u00e9riph\u00e9rie, seul ou en duo. Une pratique personnalis\u00e9e pour retrouver s\u00e9r\u00e9nit\u00e9, \u00e9nergie et bien-\u00eatre, adapt\u00e9e \u00e0 vos besoins et \u00e0 votre rythme.\" \/>\n<meta property=\"og:url\" content=\"https:\/\/cha-yoga.fr\/index.php\/les-cours-individuels-yoga\/\" \/>\n<meta property=\"og:site_name\" content=\"CHA YOGA\" \/>\n<meta property=\"article:modified_time\" content=\"2025-12-02T22:22:38+00:00\" \/>\n<meta property=\"og:image\" content=\"https:\/\/cha-yoga.fr\/wp-content\/uploads\/2025\/10\/IMG_0650-1.jpeg\" \/>\n\t<meta property=\"og:image:width\" content=\"1284\" \/>\n\t<meta property=\"og:image:height\" content=\"1284\" \/>\n\t<meta property=\"og:image:type\" content=\"image\/jpeg\" \/>\n<meta name=\"twitter:card\" content=\"summary_large_image\" \/>\n<meta name=\"twitter:label1\" content=\"Dur\u00e9e de lecture estim\u00e9e\" \/>\n\t<meta name=\"twitter:data1\" content=\"2 minutes\" \/>\n<script type=\"application\/ld+json\" class=\"yoast-schema-graph\">{\"@context\":\"https:\/\/schema.org\",\"@graph\":[{\"@type\":\"WebPage\",\"@id\":\"https:\/\/cha-yoga.fr\/index.php\/les-cours-individuels-yoga\/\",\"url\":\"https:\/\/cha-yoga.fr\/index.php\/les-cours-individuels-yoga\/\",\"name\":\"Les cours individuels - CHA YOGA\",\"isPartOf\":{\"@id\":\"https:\/\/cha-yoga.fr\/#website\"},\"datePublished\":\"2025-12-02T15:27:35+00:00\",\"dateModified\":\"2025-12-02T22:22:38+00:00\",\"description\":\"Cours individuels de yoga \u00e0 domicile \u00e0 Nantes et sa p\u00e9riph\u00e9rie, seul ou en duo. Une pratique personnalis\u00e9e pour retrouver s\u00e9r\u00e9nit\u00e9, \u00e9nergie et bien-\u00eatre, adapt\u00e9e \u00e0 vos besoins et \u00e0 votre rythme.\",\"breadcrumb\":{\"@id\":\"https:\/\/cha-yoga.fr\/index.php\/les-cours-individuels-yoga\/#breadcrumb\"},\"inLanguage\":\"fr-FR\",\"potentialAction\":[{\"@type\":\"ReadAction\",\"target\":[\"https:\/\/cha-yoga.fr\/index.php\/les-cours-individuels-yoga\/\"]}]},{\"@type\":\"BreadcrumbList\",\"@id\":\"https:\/\/cha-yoga.fr\/index.php\/les-cours-individuels-yoga\/#breadcrumb\",\"itemListElement\":[{\"@type\":\"ListItem\",\"position\":1,\"name\":\"Accueil\",\"item\":\"https:\/\/cha-yoga.fr\/\"},{\"@type\":\"ListItem\",\"position\":2,\"name\":\"Les cours individuels\"}]},{\"@type\":\"WebSite\",\"@id\":\"https:\/\/cha-yoga.fr\/#website\",\"url\":\"https:\/\/cha-yoga.fr\/\",\"name\":\"CHA YOGA\",\"description\":\"Enseignante de yoga vinyasa\",\"potentialAction\":[{\"@type\":\"SearchAction\",\"target\":{\"@type\":\"EntryPoint\",\"urlTemplate\":\"https:\/\/cha-yoga.fr\/?s={search_term_string}\"},\"query-input\":{\"@type\":\"PropertyValueSpecification\",\"valueRequired\":true,\"valueName\":\"search_term_string\"}}],\"inLanguage\":\"fr-FR\"}]}<\/script>\n<!-- \/ Yoast SEO plugin. -->","yoast_head_json":{"title":"Les cours individuels - CHA YOGA","description":"Cours individuels de yoga \u00e0 domicile \u00e0 Nantes et sa p\u00e9riph\u00e9rie, seul ou en duo. Une pratique personnalis\u00e9e pour retrouver s\u00e9r\u00e9nit\u00e9, \u00e9nergie et bien-\u00eatre, adapt\u00e9e \u00e0 vos besoins et \u00e0 votre rythme.","robots":{"index":"index","follow":"follow","max-snippet":"max-snippet:-1","max-image-preview":"max-image-preview:large","max-video-preview":"max-video-preview:-1"},"canonical":"https:\/\/cha-yoga.fr\/index.php\/les-cours-individuels-yoga\/","og_locale":"fr_FR","og_type":"article","og_title":"Cours individuels de yoga \u00e0 domicile \u00e0 Nantes et sa p\u00e9riph\u00e9rie, seul ou en duo.","og_description":"Cours individuels de yoga \u00e0 domicile \u00e0 Nantes et sa p\u00e9riph\u00e9rie, seul ou en duo. Une pratique personnalis\u00e9e pour retrouver s\u00e9r\u00e9nit\u00e9, \u00e9nergie et bien-\u00eatre, adapt\u00e9e \u00e0 vos besoins et \u00e0 votre rythme.","og_url":"https:\/\/cha-yoga.fr\/index.php\/les-cours-individuels-yoga\/","og_site_name":"CHA YOGA","article_modified_time":"2025-12-02T22:22:38+00:00","og_image":[{"width":1284,"height":1284,"url":"https:\/\/cha-yoga.fr\/wp-content\/uploads\/2025\/10\/IMG_0650-1.jpeg","type":"image\/jpeg"}],"twitter_card":"summary_large_image","twitter_misc":{"Dur\u00e9e de lecture estim\u00e9e":"2 minutes"},"schema":{"@context":"https:\/\/schema.org","@graph":[{"@type":"WebPage","@id":"https:\/\/cha-yoga.fr\/index.php\/les-cours-individuels-yoga\/","url":"https:\/\/cha-yoga.fr\/index.php\/les-cours-individuels-yoga\/","name":"Les cours individuels - CHA YOGA","isPartOf":{"@id":"https:\/\/cha-yoga.fr\/#website"},"datePublished":"2025-12-02T15:27:35+00:00","dateModified":"2025-12-02T22:22:38+00:00","description":"Cours individuels de yoga \u00e0 domicile \u00e0 Nantes et sa p\u00e9riph\u00e9rie, seul ou en duo. Une pratique personnalis\u00e9e pour retrouver s\u00e9r\u00e9nit\u00e9, \u00e9nergie et bien-\u00eatre, adapt\u00e9e \u00e0 vos besoins et \u00e0 votre rythme.","breadcrumb":{"@id":"https:\/\/cha-yoga.fr\/index.php\/les-cours-individuels-yoga\/#breadcrumb"},"inLanguage":"fr-FR","potentialAction":[{"@type":"ReadAction","target":["https:\/\/cha-yoga.fr\/index.php\/les-cours-individuels-yoga\/"]}]},{"@type":"BreadcrumbList","@id":"https:\/\/cha-yoga.fr\/index.php\/les-cours-individuels-yoga\/#breadcrumb","itemListElement":[{"@type":"ListItem","position":1,"name":"Accueil","item":"https:\/\/cha-yoga.fr\/"},{"@type":"ListItem","position":2,"name":"Les cours individuels"}]},{"@type":"WebSite","@id":"https:\/\/cha-yoga.fr\/#website","url":"https:\/\/cha-yoga.fr\/","name":"CHA YOGA","description":"Enseignante de yoga vinyasa","potentialAction":[{"@type":"SearchAction","target":{"@type":"EntryPoint","urlTemplate":"https:\/\/cha-yoga.fr\/?s={search_term_string}"},"query-input":{"@type":"PropertyValueSpecification","valueRequired":true,"valueName":"search_term_string"}}],"inLanguage":"fr-FR"}]}},"_links":{"self":[{"href":"https:\/\/cha-yoga.fr\/index.php\/wp-json\/wp\/v2\/pages\/277","targetHints":{"allow":["GET"]}}],"collection":[{"href":"https:\/\/cha-yoga.fr\/index.php\/wp-json\/wp\/v2\/pages"}],"about":[{"href":"https:\/\/cha-yoga.fr\/index.php\/wp-json\/wp\/v2\/types\/page"}],"author":[{"embeddable":true,"href":"https:\/\/cha-yoga.fr\/index.php\/wp-json\/wp\/v2\/users\/1"}],"replies":[{"embeddable":true,"href":"https:\/\/cha-yoga.fr\/index.php\/wp-json\/wp\/v2\/comments?post=277"}],"version-history":[{"count":10,"href":"https:\/\/cha-yoga.fr\/index.php\/wp-json\/wp\/v2\/pages\/277\/revisions"}],"predecessor-version":[{"id":388,"href":"https:\/\/cha-yoga.fr\/index.php\/wp-json\/wp\/v2\/pages\/277\/revisions\/388"}],"wp:attachment":[{"href":"https:\/\/cha-yoga.fr\/index.php\/wp-json\/wp\/v2\/media?parent=277"}],"curies":[{"name":"wp","href":"https:\/\/api.w.org\/{rel}","templated":true}]}}